{"id":2327,"date":"2025-12-04T15:46:31","date_gmt":"2025-12-04T14:46:31","guid":{"rendered":"https:\/\/aibox.pl\/cbc%e3%82%b0%e3%83%ab%e3%83%bc%e3%83%97%e3%81%ab%e3%81%a4%e3%81%84%e3%81%a6\/"},"modified":"2026-02-10T11:28:52","modified_gmt":"2026-02-10T10:28:52","slug":"cbc%e3%82%b0%e3%83%ab%e3%83%bc%e3%83%97%e3%81%ab%e3%81%a4%e3%81%84%e3%81%a6","status":"publish","type":"page","link":"https:\/\/aibox.pl\/ja\/cbc%e3%82%b0%e3%83%ab%e3%83%bc%e3%83%97%e3%81%ab%e3%81%a4%e3%81%84%e3%81%a6","title":{"rendered":"CBC\u30b0\u30eb\u30fc\u30d7\u306b\u3064\u3044\u3066"},"content":{"rendered":"\t\t<div data-elementor-type=\"wp-page\" data-elementor-id=\"2327\" class=\"elementor elementor-2327 elementor-491\" data-elementor-post-type=\"page\">\n\t\t\t\t<div class=\"elementor-element elementor-element-a660e48 e-flex e-con-boxed e-con e-parent\" data-id=\"a660e48\" data-element_type=\"container\" data-settings=\"{&quot;background_background&quot;:&quot;classic&quot;}\">\n\t\t\t\t\t<div class=\"e-con-inner\">\n\t\t\t\t<div class=\"elementor-element elementor-element-7136fc0 elementor-widget__width-inherit elementor-widget-tablet__width-inherit elementor-widget elementor-widget-heading\" data-id=\"7136fc0\" data-element_type=\"widget\" data-widget_type=\"heading.default\">\n\t\t\t\t\t<h1 class=\"elementor-heading-title elementor-size-default\">CBC\u30b0\u30eb\u30fc\u30d7<\/h1>\t\t\t\t<\/div>\n\t\t\t\t<div class=\"elementor-element elementor-element-2c24b14 elementor-widget-tablet__width-initial elementor-widget elementor-widget-image\" data-id=\"2c24b14\" data-element_type=\"widget\" data-widget_type=\"image.default\">\n\t\t\t\t\t\t\t\t\t\t\t\t\t\t\t<img fetchpriority=\"high\" decoding=\"async\" width=\"800\" height=\"800\" src=\"https:\/\/aibox.pl\/wp-content\/uploads\/2025\/12\/variantcbc.webp\" class=\"attachment-large size-large wp-image-2330\" alt=\"\" srcset=\"https:\/\/aibox.pl\/wp-content\/uploads\/2025\/12\/variantcbc.webp 920w, https:\/\/aibox.pl\/wp-content\/uploads\/2025\/12\/variantcbc-300x300.webp 300w, https:\/\/aibox.pl\/wp-content\/uploads\/2025\/12\/variantcbc-150x150.webp 150w, https:\/\/aibox.pl\/wp-content\/uploads\/2025\/12\/variantcbc-768x768.webp 768w\" sizes=\"(max-width: 800px) 100vw, 800px\" \/>\t\t\t\t\t\t\t\t\t\t\t\t\t\t\t<\/div>\n\t\t\t\t\t<\/div>\n\t\t\t\t<\/div>\n\t\t<div class=\"elementor-element elementor-element-e2daf38 e-flex e-con-boxed e-con e-parent\" data-id=\"e2daf38\" data-element_type=\"container\" data-settings=\"{&quot;background_background&quot;:&quot;classic&quot;}\">\n\t\t\t\t\t<div class=\"e-con-inner\">\n\t\t\t\t\t<\/div>\n\t\t\t\t<\/div>\n\t\t<div class=\"elementor-element elementor-element-01192d1 e-flex e-con-boxed e-con e-parent\" data-id=\"01192d1\" data-element_type=\"container\" data-settings=\"{&quot;background_background&quot;:&quot;classic&quot;}\">\n\t\t\t\t\t<div class=\"e-con-inner\">\n\t\t<div class=\"elementor-element elementor-element-34d4832 e-con-full e-flex e-con e-child\" data-id=\"34d4832\" data-element_type=\"container\" data-settings=\"{&quot;background_background&quot;:&quot;classic&quot;}\">\n\t\t\t\t<div class=\"elementor-element elementor-element-927ab15 elementor-widget elementor-widget-heading\" data-id=\"927ab15\" data-element_type=\"widget\" data-widget_type=\"heading.default\">\n\t\t\t\t\t<h2 class=\"elementor-heading-title elementor-size-default\">CBC Group Co. Ltd. <br> <span class=\"darkTitle\">CBC\u682a\u5f0f\u4f1a\u793e<\/span><\/h2>\t\t\t\t<\/div>\n\t\t\t\t<\/div>\n\t\t<div class=\"elementor-element elementor-element-a5b84fa e-con-full e-flex e-con e-child\" data-id=\"a5b84fa\" data-element_type=\"container\">\n\t\t\t\t<div class=\"elementor-element elementor-element-2a19ae8 elementor-widget elementor-widget-text-editor\" data-id=\"2a19ae8\" data-element_type=\"widget\" data-widget_type=\"text-editor.default\">\n\t\t\t\t\t\t\t\t\t<p>CBC\u30b0\u30eb\u30fc\u30d7\u306f\u30011925\u5e74\u306e\u5275\u696d\u4ee5\u6765\u3001\u30a8\u30ec\u30af\u30c8\u30ed\u30cb\u30af\u30b9\u30fb\u81ea\u52d5\u8eca\u3001IT\u30fb\u30ed\u30dc\u30c6\u30a3\u30af\u30b9\u3001\u74b0\u5883\u4fdd\u8b77\u3001\u30d0\u30a4\u30aa\u30c6\u30af\u30ce\u30ed\u30b8\u30fc\uff08BIOGARD\uff09\u3001\u5149\u5b66\uff08COMPUTAR\uff09\u3001\u533b\u85ac\u54c1\u88fd\u9020\u306a\u3069\u591a\u5c90\u306b\u308f\u305f\u308b\u9818\u57df\u3067\u57f9\u3063\u305f\u7d4c\u9a13\u3068\u6280\u8853\u9769\u65b0\u3092\u878d\u5408\u3057\u3001100\u5e74\u4ee5\u4e0a\u306b\u308f\u305f\u308a\u30b0\u30ed\u30fc\u30d0\u30eb\u306b\u4e8b\u696d\u3092\u5c55\u958b\u3057\u3066\u3044\u307e\u3059\u3002<br><br>CBC\u306f\u3001\u7d0450\u5e74\u306b\u308f\u305f\u308a\u30bb\u30ad\u30e5\u30ea\u30c6\u30a3\u306e\u4e8b\u696d\u3092\u884c\u3044\u3001\u300cGANZ\u300d \u30d6\u30e9\u30f3\u30c9\u3092\u5c55\u958b\u3057\u3066\u304a\u308a\u307e\u3059\u3002  <\/p>\t\t\t\t\t\t\t\t<\/div>\n\t\t\t\t<div class=\"elementor-element elementor-element-6963e00 elementor-widget elementor-widget-text-editor\" data-id=\"6963e00\" data-element_type=\"widget\" data-widget_type=\"text-editor.default\">\n\t\t\t\t\t\t\t\t\t<p>\u30b0\u30eb\u30fc\u30d7\u5168\u4f53\u3067<strong>3000\u4eba\u4ee5\u4e0a\u306e\u30b9\u30da\u30b7\u30e3\u30ea\u30b9\u30c8<\/strong>\u304c<strong>\u4e16\u754c40\u30f6\u6240\u4ee5\u4e0a\u306e\u62e0\u70b9<\/strong>\u3067\u3001\u73fe\u5730\u306e\u30cb\u30fc\u30ba\u306b\u5408\u308f\u305b\u305f\u30bd\u30ea\u30e5\u30fc\u30b7\u30e7\u30f3\u3092\u63d0\u4f9b\u3057\u3066\u3044\u307e\u3059\u3002<\/p>\t\t\t\t\t\t\t\t<\/div>\n\t\t\t\t<\/div>\n\t\t\t\t\t<\/div>\n\t\t\t\t<\/div>\n\t\t<div class=\"elementor-element elementor-element-8ab5871 e-flex e-con-boxed e-con e-parent\" data-id=\"8ab5871\" data-element_type=\"container\">\n\t\t\t\t\t<div class=\"e-con-inner\">\n\t\t\t\t<div class=\"elementor-element elementor-element-81e2c40 elementor-widget elementor-widget-image\" data-id=\"81e2c40\" data-element_type=\"widget\" data-widget_type=\"image.default\">\n\t\t\t\t\t\t\t\t\t\t\t\t\t\t\t<img decoding=\"async\" width=\"473\" height=\"40\" src=\"https:\/\/aibox.pl\/wp-content\/uploads\/2025\/12\/stats-top-bg-1.svg\" class=\"attachment-large size-large wp-image-2339\" alt=\"\" \/>\t\t\t\t\t\t\t\t\t\t\t\t\t\t\t<\/div>\n\t\t<div class=\"elementor-element elementor-element-5bf34d4 e-con-full e-flex e-con e-child\" data-id=\"5bf34d4\" data-element_type=\"container\" data-settings=\"{&quot;background_background&quot;:&quot;classic&quot;}\">\n\t\t<div class=\"elementor-element elementor-element-f4d3c72 e-con-full e-flex e-con e-child\" data-id=\"f4d3c72\" data-element_type=\"container\" data-settings=\"{&quot;background_background&quot;:&quot;classic&quot;}\">\n\t\t\t\t<div class=\"elementor-element elementor-element-6a10745 elementor-widget elementor-widget-heading\" data-id=\"6a10745\" data-element_type=\"widget\" data-widget_type=\"heading.default\">\n\t\t\t\t\t<h2 class=\"elementor-heading-title elementor-size-default\">100<\/h2>\t\t\t\t<\/div>\n\t\t\t\t<div class=\"elementor-element elementor-element-05f1814 elementor-widget elementor-widget-heading\" data-id=\"05f1814\" data-element_type=\"widget\" data-widget_type=\"heading.default\">\n\t\t\t\t\t<h4 class=\"elementor-heading-title elementor-size-default\">CBC\u30b0\u30eb\u30fc\u30d7\u306e\u6b74\u53f2<\/h4>\t\t\t\t<\/div>\n\t\t\t\t<\/div>\n\t\t<div class=\"elementor-element elementor-element-d4d3dde e-con-full e-flex e-con e-child\" data-id=\"d4d3dde\" data-element_type=\"container\" data-settings=\"{&quot;background_background&quot;:&quot;classic&quot;}\">\n\t\t\t\t<div class=\"elementor-element elementor-element-4049f64 elementor-widget elementor-widget-heading\" data-id=\"4049f64\" data-element_type=\"widget\" data-widget_type=\"heading.default\">\n\t\t\t\t\t<h2 class=\"elementor-heading-title elementor-size-default\">50<\/h2>\t\t\t\t<\/div>\n\t\t\t\t<div class=\"elementor-element elementor-element-75e710f elementor-widget elementor-widget-heading\" data-id=\"75e710f\" data-element_type=\"widget\" data-widget_type=\"heading.default\">\n\t\t\t\t\t<h4 class=\"elementor-heading-title elementor-size-default\">\u30bb\u30ad\u30e5\u30ea\u30c6\u30a3\u4e8b\u696d\u6b74<\/h4>\t\t\t\t<\/div>\n\t\t\t\t<\/div>\n\t\t<div class=\"elementor-element elementor-element-e965b98 e-con-full e-flex e-con e-child\" data-id=\"e965b98\" data-element_type=\"container\" data-settings=\"{&quot;background_background&quot;:&quot;classic&quot;}\">\n\t\t\t\t<div class=\"elementor-element elementor-element-2448bef elementor-widget elementor-widget-heading\" data-id=\"2448bef\" data-element_type=\"widget\" data-widget_type=\"heading.default\">\n\t\t\t\t\t<h2 class=\"elementor-heading-title elementor-size-default\">3000<\/h2>\t\t\t\t<\/div>\n\t\t\t\t<div class=\"elementor-element elementor-element-7f3540b elementor-widget elementor-widget-heading\" data-id=\"7f3540b\" data-element_type=\"widget\" data-widget_type=\"heading.default\">\n\t\t\t\t\t<h4 class=\"elementor-heading-title elementor-size-default\">\u30b0\u30eb\u30fc\u30d7\u5f93\u696d\u54e1\u6570<\/h4>\t\t\t\t<\/div>\n\t\t\t\t<\/div>\n\t\t<div class=\"elementor-element elementor-element-f600a3f e-con-full e-flex e-con e-child\" data-id=\"f600a3f\" data-element_type=\"container\" data-settings=\"{&quot;background_background&quot;:&quot;classic&quot;}\">\n\t\t\t\t<div class=\"elementor-element elementor-element-9dc8b80 elementor-widget elementor-widget-heading\" data-id=\"9dc8b80\" data-element_type=\"widget\" data-widget_type=\"heading.default\">\n\t\t\t\t\t<h2 class=\"elementor-heading-title elementor-size-default\">40<\/h2>\t\t\t\t<\/div>\n\t\t\t\t<div class=\"elementor-element elementor-element-a8b5163 elementor-widget elementor-widget-heading\" data-id=\"a8b5163\" data-element_type=\"widget\" data-widget_type=\"heading.default\">\n\t\t\t\t\t<h4 class=\"elementor-heading-title elementor-size-default\">\u30b0\u30ed\u30fc\u30d0\u30eb\u62e0\u70b9<\/h4>\t\t\t\t<\/div>\n\t\t\t\t<\/div>\n\t\t\t\t<\/div>\n\t\t\t\t<div class=\"elementor-element elementor-element-95cbb4f elementor-widget elementor-widget-image\" data-id=\"95cbb4f\" data-element_type=\"widget\" data-widget_type=\"image.default\">\n\t\t\t\t\t\t\t\t\t\t\t\t\t\t\t<img decoding=\"async\" width=\"473\" height=\"40\" src=\"https:\/\/aibox.pl\/wp-content\/uploads\/2025\/12\/stats-bot-bg-1.svg\" class=\"attachment-large size-large wp-image-2338\" alt=\"\" \/>\t\t\t\t\t\t\t\t\t\t\t\t\t\t\t<\/div>\n\t\t\t\t\t<\/div>\n\t\t\t\t<\/div>\n\t\t\t\t<\/div>\n\t\t","protected":false},"excerpt":{"rendered":"<p>CBC\u30b0\u30eb\u30fc\u30d7 CBC Group Co. Ltd. CBC\u682a\u5f0f\u4f1a\u793e CBC\u30b0\u30eb\u30fc\u30d7\u306f\u30011925\u5e74\u306e\u5275\u696d\u4ee5\u6765\u3001\u30a8\u30ec\u30af\u30c8\u30ed\u30cb\u30af\u30b9\u30fb\u81ea\u52d5\u8eca\u3001IT\u30fb\u30ed\u30dc\u30c6\u30a3\u30af\u30b9\u3001\u74b0\u5883\u4fdd\u8b77\u3001\u30d0\u30a4\u30aa\u30c6\u30af\u30ce\u30ed\u30b8\u30fc\uff08BIOGARD\uff09\u3001\u5149\u5b66\uff08COMPU [&hellip;]<\/p>\n","protected":false},"author":1,"featured_media":0,"parent":0,"menu_order":0,"comment_status":"closed","ping_status":"closed","template":"elementor_header_footer","meta":{"footnotes":""},"class_list":["post-2327","page","type-page","status-publish","hentry"],"yoast_head":"<!-- This site is optimized with the Yoast SEO plugin v26.7 - https:\/\/yoast.com\/wordpress\/plugins\/seo\/ -->\n<title>CBC\u30b0\u30eb\u30fc\u30d7\u306b\u3064\u3044\u3066 - AI BOX PRO<\/title>\n<meta name=\"robots\" content=\"index, follow, max-snippet:-1, max-image-preview:large, max-video-preview:-1\" \/>\n<link rel=\"canonical\" href=\"https:\/\/aibox.pl\/ja\/cbc%e3%82%b0%e3%83%ab%e3%83%bc%e3%83%97%e3%81%ab%e3%81%a4%e3%81%84%e3%81%a6\" \/>\n<meta property=\"og:locale\" content=\"ja_JP\" \/>\n<meta property=\"og:type\" content=\"article\" \/>\n<meta property=\"og:title\" content=\"CBC\u30b0\u30eb\u30fc\u30d7\u306b\u3064\u3044\u3066 - AI BOX PRO\" \/>\n<meta property=\"og:description\" content=\"CBC\u30b0\u30eb\u30fc\u30d7 CBC Group Co. Ltd. CBC\u682a\u5f0f\u4f1a\u793e CBC\u30b0\u30eb\u30fc\u30d7\u306f\u30011925\u5e74\u306e\u5275\u696d\u4ee5\u6765\u3001\u30a8\u30ec\u30af\u30c8\u30ed\u30cb\u30af\u30b9\u30fb\u81ea\u52d5\u8eca\u3001IT\u30fb\u30ed\u30dc\u30c6\u30a3\u30af\u30b9\u3001\u74b0\u5883\u4fdd\u8b77\u3001\u30d0\u30a4\u30aa\u30c6\u30af\u30ce\u30ed\u30b8\u30fc\uff08BIOGARD\uff09\u3001\u5149\u5b66\uff08COMPU [&hellip;]\" \/>\n<meta property=\"og:url\" content=\"https:\/\/aibox.pl\/ja\/cbc%e3%82%b0%e3%83%ab%e3%83%bc%e3%83%97%e3%81%ab%e3%81%a4%e3%81%84%e3%81%a6\" \/>\n<meta property=\"og:site_name\" content=\"AI BOX PRO\" \/>\n<meta property=\"article:modified_time\" content=\"2026-02-10T10:28:52+00:00\" \/>\n<meta property=\"og:image\" content=\"https:\/\/aibox.pl\/wp-content\/uploads\/2025\/12\/variantcbc.webp\" \/>\n\t<meta property=\"og:image:width\" content=\"920\" \/>\n\t<meta property=\"og:image:height\" content=\"920\" \/>\n\t<meta property=\"og:image:type\" content=\"image\/webp\" \/>\n<meta name=\"twitter:card\" content=\"summary_large_image\" \/>\n<meta name=\"twitter:label1\" content=\"\u63a8\u5b9a\u8aad\u307f\u53d6\u308a\u6642\u9593\" \/>\n\t<meta name=\"twitter:data1\" content=\"1\u5206\" \/>\n<script type=\"application\/ld+json\" class=\"yoast-schema-graph\">{\"@context\":\"https:\/\/schema.org\",\"@graph\":[{\"@type\":\"WebPage\",\"@id\":\"https:\/\/aibox.pl\/ja\/cbc%e3%82%b0%e3%83%ab%e3%83%bc%e3%83%97%e3%81%ab%e3%81%a4%e3%81%84%e3%81%a6\",\"url\":\"https:\/\/aibox.pl\/ja\/cbc%e3%82%b0%e3%83%ab%e3%83%bc%e3%83%97%e3%81%ab%e3%81%a4%e3%81%84%e3%81%a6\",\"name\":\"CBC\u30b0\u30eb\u30fc\u30d7\u306b\u3064\u3044\u3066 - AI BOX PRO\",\"isPartOf\":{\"@id\":\"https:\/\/aibox.pl\/ja#website\"},\"primaryImageOfPage\":{\"@id\":\"https:\/\/aibox.pl\/ja\/cbc%e3%82%b0%e3%83%ab%e3%83%bc%e3%83%97%e3%81%ab%e3%81%a4%e3%81%84%e3%81%a6#primaryimage\"},\"image\":{\"@id\":\"https:\/\/aibox.pl\/ja\/cbc%e3%82%b0%e3%83%ab%e3%83%bc%e3%83%97%e3%81%ab%e3%81%a4%e3%81%84%e3%81%a6#primaryimage\"},\"thumbnailUrl\":\"https:\/\/aibox.pl\/wp-content\/uploads\/2025\/12\/variantcbc.webp\",\"datePublished\":\"2025-12-04T14:46:31+00:00\",\"dateModified\":\"2026-02-10T10:28:52+00:00\",\"breadcrumb\":{\"@id\":\"https:\/\/aibox.pl\/ja\/cbc%e3%82%b0%e3%83%ab%e3%83%bc%e3%83%97%e3%81%ab%e3%81%a4%e3%81%84%e3%81%a6#breadcrumb\"},\"inLanguage\":\"ja\",\"potentialAction\":[{\"@type\":\"ReadAction\",\"target\":[\"https:\/\/aibox.pl\/ja\/cbc%e3%82%b0%e3%83%ab%e3%83%bc%e3%83%97%e3%81%ab%e3%81%a4%e3%81%84%e3%81%a6\"]}]},{\"@type\":\"ImageObject\",\"inLanguage\":\"ja\",\"@id\":\"https:\/\/aibox.pl\/ja\/cbc%e3%82%b0%e3%83%ab%e3%83%bc%e3%83%97%e3%81%ab%e3%81%a4%e3%81%84%e3%81%a6#primaryimage\",\"url\":\"https:\/\/aibox.pl\/wp-content\/uploads\/2025\/12\/variantcbc.webp\",\"contentUrl\":\"https:\/\/aibox.pl\/wp-content\/uploads\/2025\/12\/variantcbc.webp\"},{\"@type\":\"BreadcrumbList\",\"@id\":\"https:\/\/aibox.pl\/ja\/cbc%e3%82%b0%e3%83%ab%e3%83%bc%e3%83%97%e3%81%ab%e3%81%a4%e3%81%84%e3%81%a6#breadcrumb\",\"itemListElement\":[{\"@type\":\"ListItem\",\"position\":1,\"name\":\"Strona g\u0142\u00f3wna\",\"item\":\"https:\/\/aibox.pl\/ja\/%e3%82%a4%e3%83%b3%e3%83%86%e3%83%aa%e3%82%b8%e3%82%a7%e3%83%b3%e3%83%88%e7%9b%a3%e8%a6%96\"},{\"@type\":\"ListItem\",\"position\":2,\"name\":\"CBC\u30b0\u30eb\u30fc\u30d7\u306b\u3064\u3044\u3066\"}]},{\"@type\":\"WebSite\",\"@id\":\"https:\/\/aibox.pl\/ja#website\",\"url\":\"https:\/\/aibox.pl\/ja\",\"name\":\"AI BOX PRO\",\"description\":\"Nowa jako\u015b\u0107 w systemach zabezpiecze\u0144\",\"publisher\":{\"@id\":\"https:\/\/aibox.pl\/ja#organization\"},\"potentialAction\":[{\"@type\":\"SearchAction\",\"target\":{\"@type\":\"EntryPoint\",\"urlTemplate\":\"https:\/\/aibox.pl\/ja?s={search_term_string}\"},\"query-input\":{\"@type\":\"PropertyValueSpecification\",\"valueRequired\":true,\"valueName\":\"search_term_string\"}}],\"inLanguage\":\"ja\"},{\"@type\":\"Organization\",\"@id\":\"https:\/\/aibox.pl\/ja#organization\",\"name\":\"AI BOX PRO\",\"url\":\"https:\/\/aibox.pl\/ja\",\"logo\":{\"@type\":\"ImageObject\",\"inLanguage\":\"ja\",\"@id\":\"https:\/\/aibox.pl\/ja#\/schema\/logo\/image\/\",\"url\":\"https:\/\/aibox.pl\/wp-content\/uploads\/2025\/11\/logo.svg\",\"contentUrl\":\"https:\/\/aibox.pl\/wp-content\/uploads\/2025\/11\/logo.svg\",\"width\":177,\"height\":30,\"caption\":\"AI BOX PRO\"},\"image\":{\"@id\":\"https:\/\/aibox.pl\/ja#\/schema\/logo\/image\/\"}}]}<\/script>\n<!-- \/ Yoast SEO plugin. -->","yoast_head_json":{"title":"CBC\u30b0\u30eb\u30fc\u30d7\u306b\u3064\u3044\u3066 - AI BOX PRO","robots":{"index":"index","follow":"follow","max-snippet":"max-snippet:-1","max-image-preview":"max-image-preview:large","max-video-preview":"max-video-preview:-1"},"canonical":"https:\/\/aibox.pl\/ja\/cbc%e3%82%b0%e3%83%ab%e3%83%bc%e3%83%97%e3%81%ab%e3%81%a4%e3%81%84%e3%81%a6","og_locale":"ja_JP","og_type":"article","og_title":"CBC\u30b0\u30eb\u30fc\u30d7\u306b\u3064\u3044\u3066 - AI BOX PRO","og_description":"CBC\u30b0\u30eb\u30fc\u30d7 CBC Group Co. Ltd. CBC\u682a\u5f0f\u4f1a\u793e CBC\u30b0\u30eb\u30fc\u30d7\u306f\u30011925\u5e74\u306e\u5275\u696d\u4ee5\u6765\u3001\u30a8\u30ec\u30af\u30c8\u30ed\u30cb\u30af\u30b9\u30fb\u81ea\u52d5\u8eca\u3001IT\u30fb\u30ed\u30dc\u30c6\u30a3\u30af\u30b9\u3001\u74b0\u5883\u4fdd\u8b77\u3001\u30d0\u30a4\u30aa\u30c6\u30af\u30ce\u30ed\u30b8\u30fc\uff08BIOGARD\uff09\u3001\u5149\u5b66\uff08COMPU [&hellip;]","og_url":"https:\/\/aibox.pl\/ja\/cbc%e3%82%b0%e3%83%ab%e3%83%bc%e3%83%97%e3%81%ab%e3%81%a4%e3%81%84%e3%81%a6","og_site_name":"AI BOX PRO","article_modified_time":"2026-02-10T10:28:52+00:00","og_image":[{"width":920,"height":920,"url":"https:\/\/aibox.pl\/wp-content\/uploads\/2025\/12\/variantcbc.webp","type":"image\/webp"}],"twitter_card":"summary_large_image","twitter_misc":{"\u63a8\u5b9a\u8aad\u307f\u53d6\u308a\u6642\u9593":"1\u5206"},"schema":{"@context":"https:\/\/schema.org","@graph":[{"@type":"WebPage","@id":"https:\/\/aibox.pl\/ja\/cbc%e3%82%b0%e3%83%ab%e3%83%bc%e3%83%97%e3%81%ab%e3%81%a4%e3%81%84%e3%81%a6","url":"https:\/\/aibox.pl\/ja\/cbc%e3%82%b0%e3%83%ab%e3%83%bc%e3%83%97%e3%81%ab%e3%81%a4%e3%81%84%e3%81%a6","name":"CBC\u30b0\u30eb\u30fc\u30d7\u306b\u3064\u3044\u3066 - AI BOX PRO","isPartOf":{"@id":"https:\/\/aibox.pl\/ja#website"},"primaryImageOfPage":{"@id":"https:\/\/aibox.pl\/ja\/cbc%e3%82%b0%e3%83%ab%e3%83%bc%e3%83%97%e3%81%ab%e3%81%a4%e3%81%84%e3%81%a6#primaryimage"},"image":{"@id":"https:\/\/aibox.pl\/ja\/cbc%e3%82%b0%e3%83%ab%e3%83%bc%e3%83%97%e3%81%ab%e3%81%a4%e3%81%84%e3%81%a6#primaryimage"},"thumbnailUrl":"https:\/\/aibox.pl\/wp-content\/uploads\/2025\/12\/variantcbc.webp","datePublished":"2025-12-04T14:46:31+00:00","dateModified":"2026-02-10T10:28:52+00:00","breadcrumb":{"@id":"https:\/\/aibox.pl\/ja\/cbc%e3%82%b0%e3%83%ab%e3%83%bc%e3%83%97%e3%81%ab%e3%81%a4%e3%81%84%e3%81%a6#breadcrumb"},"inLanguage":"ja","potentialAction":[{"@type":"ReadAction","target":["https:\/\/aibox.pl\/ja\/cbc%e3%82%b0%e3%83%ab%e3%83%bc%e3%83%97%e3%81%ab%e3%81%a4%e3%81%84%e3%81%a6"]}]},{"@type":"ImageObject","inLanguage":"ja","@id":"https:\/\/aibox.pl\/ja\/cbc%e3%82%b0%e3%83%ab%e3%83%bc%e3%83%97%e3%81%ab%e3%81%a4%e3%81%84%e3%81%a6#primaryimage","url":"https:\/\/aibox.pl\/wp-content\/uploads\/2025\/12\/variantcbc.webp","contentUrl":"https:\/\/aibox.pl\/wp-content\/uploads\/2025\/12\/variantcbc.webp"},{"@type":"BreadcrumbList","@id":"https:\/\/aibox.pl\/ja\/cbc%e3%82%b0%e3%83%ab%e3%83%bc%e3%83%97%e3%81%ab%e3%81%a4%e3%81%84%e3%81%a6#breadcrumb","itemListElement":[{"@type":"ListItem","position":1,"name":"Strona g\u0142\u00f3wna","item":"https:\/\/aibox.pl\/ja\/%e3%82%a4%e3%83%b3%e3%83%86%e3%83%aa%e3%82%b8%e3%82%a7%e3%83%b3%e3%83%88%e7%9b%a3%e8%a6%96"},{"@type":"ListItem","position":2,"name":"CBC\u30b0\u30eb\u30fc\u30d7\u306b\u3064\u3044\u3066"}]},{"@type":"WebSite","@id":"https:\/\/aibox.pl\/ja#website","url":"https:\/\/aibox.pl\/ja","name":"AI BOX PRO","description":"Nowa jako\u015b\u0107 w systemach zabezpiecze\u0144","publisher":{"@id":"https:\/\/aibox.pl\/ja#organization"},"potentialAction":[{"@type":"SearchAction","target":{"@type":"EntryPoint","urlTemplate":"https:\/\/aibox.pl\/ja?s={search_term_string}"},"query-input":{"@type":"PropertyValueSpecification","valueRequired":true,"valueName":"search_term_string"}}],"inLanguage":"ja"},{"@type":"Organization","@id":"https:\/\/aibox.pl\/ja#organization","name":"AI BOX PRO","url":"https:\/\/aibox.pl\/ja","logo":{"@type":"ImageObject","inLanguage":"ja","@id":"https:\/\/aibox.pl\/ja#\/schema\/logo\/image\/","url":"https:\/\/aibox.pl\/wp-content\/uploads\/2025\/11\/logo.svg","contentUrl":"https:\/\/aibox.pl\/wp-content\/uploads\/2025\/11\/logo.svg","width":177,"height":30,"caption":"AI BOX PRO"},"image":{"@id":"https:\/\/aibox.pl\/ja#\/schema\/logo\/image\/"}}]}},"_links":{"self":[{"href":"https:\/\/aibox.pl\/ja\/wp-json\/wp\/v2\/pages\/2327","targetHints":{"allow":["GET"]}}],"collection":[{"href":"https:\/\/aibox.pl\/ja\/wp-json\/wp\/v2\/pages"}],"about":[{"href":"https:\/\/aibox.pl\/ja\/wp-json\/wp\/v2\/types\/page"}],"author":[{"embeddable":true,"href":"https:\/\/aibox.pl\/ja\/wp-json\/wp\/v2\/users\/1"}],"replies":[{"embeddable":true,"href":"https:\/\/aibox.pl\/ja\/wp-json\/wp\/v2\/comments?post=2327"}],"version-history":[{"count":10,"href":"https:\/\/aibox.pl\/ja\/wp-json\/wp\/v2\/pages\/2327\/revisions"}],"predecessor-version":[{"id":3281,"href":"https:\/\/aibox.pl\/ja\/wp-json\/wp\/v2\/pages\/2327\/revisions\/3281"}],"wp:attachment":[{"href":"https:\/\/aibox.pl\/ja\/wp-json\/wp\/v2\/media?parent=2327"}],"curies":[{"name":"wp","href":"https:\/\/api.w.org\/{rel}","templated":true}]}}