{"id":1862,"date":"2025-12-15T10:32:15","date_gmt":"2025-12-15T09:32:15","guid":{"rendered":"https:\/\/aibox.pl\/mobile-app"},"modified":"2026-02-10T12:28:42","modified_gmt":"2026-02-10T11:28:42","slug":"mobile-app","status":"publish","type":"page","link":"https:\/\/aibox.pl\/en\/mobile-app","title":{"rendered":"Mobile app"},"content":{"rendered":"\t\t<div data-elementor-type=\"wp-page\" data-elementor-id=\"1862\" class=\"elementor elementor-1862 elementor-1439\" data-elementor-post-type=\"page\">\n\t\t\t\t<div class=\"elementor-element elementor-element-a660e48 e-flex e-con-boxed e-con e-parent\" data-id=\"a660e48\" data-element_type=\"container\" data-settings=\"{&quot;background_background&quot;:&quot;classic&quot;}\">\n\t\t\t\t\t<div class=\"e-con-inner\">\n\t\t<div class=\"elementor-element elementor-element-50322a6 e-con-full e-flex e-con e-child\" data-id=\"50322a6\" data-element_type=\"container\">\n\t\t\t\t<div class=\"elementor-element elementor-element-7136fc0 elementor-widget__width-inherit elementor-widget-tablet__width-inherit elementor-invisible elementor-widget elementor-widget-heading\" data-id=\"7136fc0\" data-element_type=\"widget\" data-settings=\"{&quot;_animation&quot;:&quot;fadeIn&quot;,&quot;_animation_delay&quot;:0}\" data-widget_type=\"heading.default\">\n\t\t\t\t\t<h1 class=\"elementor-heading-title elementor-size-default\">Mobile app<\/h1>\t\t\t\t<\/div>\n\t\t\t\t<div class=\"elementor-element elementor-element-66bd01e elementor-invisible elementor-widget elementor-widget-text-editor\" data-id=\"66bd01e\" data-element_type=\"widget\" data-settings=\"{&quot;_animation&quot;:&quot;fadeIn&quot;,&quot;_animation_delay&quot;:100}\" data-widget_type=\"text-editor.default\">\n\t\t\t\t\t\t\t\t\t<p>AI BOX<\/p>\t\t\t\t\t\t\t\t<\/div>\n\t\t\t\t<\/div>\n\t\t\t\t<div class=\"elementor-element elementor-element-2c24b14 elementor-widget-tablet__width-initial elementor-invisible elementor-widget elementor-widget-image\" data-id=\"2c24b14\" data-element_type=\"widget\" data-settings=\"{&quot;_animation&quot;:&quot;fadeIn&quot;}\" data-widget_type=\"image.default\">\n\t\t\t\t\t\t\t\t\t\t\t\t\t\t\t<img fetchpriority=\"high\" decoding=\"async\" width=\"800\" height=\"800\" src=\"https:\/\/aibox.pl\/wp-content\/uploads\/2026\/01\/image-hero-simple.webp\" class=\"attachment-large size-large wp-image-2951\" alt=\"\" srcset=\"https:\/\/aibox.pl\/wp-content\/uploads\/2026\/01\/image-hero-simple.webp 920w, https:\/\/aibox.pl\/wp-content\/uploads\/2026\/01\/image-hero-simple-300x300.webp 300w, https:\/\/aibox.pl\/wp-content\/uploads\/2026\/01\/image-hero-simple-150x150.webp 150w, https:\/\/aibox.pl\/wp-content\/uploads\/2026\/01\/image-hero-simple-768x768.webp 768w\" sizes=\"(max-width: 800px) 100vw, 800px\" \/>\t\t\t\t\t\t\t\t\t\t\t\t\t\t\t<\/div>\n\t\t\t\t\t<\/div>\n\t\t\t\t<\/div>\n\t\t<div class=\"elementor-element elementor-element-e2daf38 e-flex e-con-boxed e-con e-parent\" data-id=\"e2daf38\" data-element_type=\"container\" data-settings=\"{&quot;background_background&quot;:&quot;classic&quot;}\">\n\t\t\t\t\t<div class=\"e-con-inner\">\n\t\t\t\t\t<\/div>\n\t\t\t\t<\/div>\n\t\t<div class=\"elementor-element elementor-element-01192d1 e-flex e-con-boxed e-con e-parent\" data-id=\"01192d1\" data-element_type=\"container\" data-settings=\"{&quot;background_background&quot;:&quot;classic&quot;}\">\n\t\t\t\t\t<div class=\"e-con-inner\">\n\t\t<div class=\"elementor-element elementor-element-34d4832 e-con-full e-flex elementor-invisible e-con e-child\" data-id=\"34d4832\" data-element_type=\"container\" data-settings=\"{&quot;background_background&quot;:&quot;classic&quot;,&quot;animation&quot;:&quot;fadeIn&quot;,&quot;animation_delay&quot;:200}\">\n\t\t\t\t<div class=\"elementor-element elementor-element-927ab15 elementor-invisible elementor-widget elementor-widget-heading\" data-id=\"927ab15\" data-element_type=\"widget\" data-settings=\"{&quot;_animation&quot;:&quot;fadeIn&quot;}\" data-widget_type=\"heading.default\">\n\t\t\t\t\t<h2 class=\"elementor-heading-title elementor-size-default\">Experience<br><span class=\"darkTitle\">AI BOX video content even more conveniently<\/span><\/h2>\t\t\t\t<\/div>\n\t\t\t\t<\/div>\n\t\t<div class=\"elementor-element elementor-element-a5b84fa e-con-full e-flex elementor-invisible e-con e-child\" data-id=\"a5b84fa\" data-element_type=\"container\" data-settings=\"{&quot;animation&quot;:&quot;fadeIn&quot;,&quot;animation_delay&quot;:200}\">\n\t\t\t\t<div class=\"elementor-element elementor-element-2a19ae8 elementor-invisible elementor-widget elementor-widget-text-editor\" data-id=\"2a19ae8\" data-element_type=\"widget\" data-settings=\"{&quot;_animation&quot;:&quot;fadeIn&quot;,&quot;_animation_delay&quot;:100}\" data-widget_type=\"text-editor.default\">\n\t\t\t\t\t\t\t\t\t<p>Stay informed with real-time event notifications and never miss an important moment.<\/p>\t\t\t\t\t\t\t\t<\/div>\n\t\t\t\t<div class=\"elementor-element elementor-element-6963e00 elementor-invisible elementor-widget elementor-widget-text-editor\" data-id=\"6963e00\" data-element_type=\"widget\" data-settings=\"{&quot;_animation&quot;:&quot;fadeIn&quot;,&quot;_animation_delay&quot;:200}\" data-widget_type=\"text-editor.default\">\n\t\t\t\t\t\t\t\t\t<p>You can also access saved video recordings at any time.<strong> Connect to AI BOX wherever you are!<\/strong> With intelligent features, the system automatically adapts to your needs, providing reliable protection. Discover complete freedom and control over your home or business \u2013 anytime, anywhere. <\/p>\t\t\t\t\t\t\t\t<\/div>\n\t\t\t\t<\/div>\n\t\t\t\t\t<\/div>\n\t\t\t\t<\/div>\n\t\t<div class=\"elementor-element elementor-element-b8a7860 e-flex e-con-boxed e-con e-parent\" data-id=\"b8a7860\" data-element_type=\"container\">\n\t\t\t\t\t<div class=\"e-con-inner\">\n\t\t<div class=\"elementor-element elementor-element-0746fc1 e-con-full e-flex e-con e-child\" data-id=\"0746fc1\" data-element_type=\"container\">\n\t\t\t\t<div class=\"elementor-element elementor-element-3562b68 elementor-invisible elementor-widget elementor-widget-image\" data-id=\"3562b68\" data-element_type=\"widget\" data-settings=\"{&quot;_animation&quot;:&quot;fadeIn&quot;,&quot;_animation_delay&quot;:200}\" data-widget_type=\"image.default\">\n\t\t\t\t\t\t\t\t\t\t\t\t\t\t\t<img decoding=\"async\" width=\"800\" height=\"849\" src=\"https:\/\/aibox.pl\/wp-content\/uploads\/2025\/12\/image-app-1-965x1024.webp\" class=\"attachment-large size-large wp-image-1865\" alt=\"\" srcset=\"https:\/\/aibox.pl\/wp-content\/uploads\/2025\/12\/image-app-1-965x1024.webp 965w, https:\/\/aibox.pl\/wp-content\/uploads\/2025\/12\/image-app-1-283x300.webp 283w, https:\/\/aibox.pl\/wp-content\/uploads\/2025\/12\/image-app-1-768x815.webp 768w, https:\/\/aibox.pl\/wp-content\/uploads\/2025\/12\/image-app-1.webp 1308w\" sizes=\"(max-width: 800px) 100vw, 800px\" \/>\t\t\t\t\t\t\t\t\t\t\t\t\t\t\t<\/div>\n\t\t\t\t<\/div>\n\t\t<div class=\"elementor-element elementor-element-f64b50e e-con-full e-flex e-con e-child\" data-id=\"f64b50e\" data-element_type=\"container\">\n\t\t\t\t<div class=\"elementor-element elementor-element-bf044d3 elementor-invisible elementor-widget elementor-widget-heading\" data-id=\"bf044d3\" data-element_type=\"widget\" data-settings=\"{&quot;_animation&quot;:&quot;fadeIn&quot;}\" data-widget_type=\"heading.default\">\n\t\t\t\t\t<h2 class=\"elementor-heading-title elementor-size-default\"><span class=\"darkTitle\">Sign Up<\/span> \u2022 <span class=\"darkTitle\">Log In<\/span> \u2022 <span class=\"darkTitle\">Device Registration<\/span> <\/h2>\t\t\t\t<\/div>\n\t\t\t\t<div class=\"elementor-element elementor-element-e1bdabf elementor-invisible elementor-widget elementor-widget-text-editor\" data-id=\"e1bdabf\" data-element_type=\"widget\" data-settings=\"{&quot;_animation&quot;:&quot;fadeIn&quot;,&quot;_animation_delay&quot;:100}\" data-widget_type=\"text-editor.default\">\n\t\t\t\t\t\t\t\t\t<p>The AIBOX mobile application supports registration via email, Google, or Apple accounts. Once logged into a registered account, users can easily register a device by scanning its QR code to begin monitoring. <\/p>\t\t\t\t\t\t\t\t<\/div>\n\t\t\t\t<\/div>\n\t\t\t\t\t<\/div>\n\t\t\t\t<\/div>\n\t\t<div class=\"elementor-element elementor-element-5edb14e e-flex e-con-boxed e-con e-parent\" data-id=\"5edb14e\" data-element_type=\"container\">\n\t\t\t\t\t<div class=\"e-con-inner\">\n\t\t<div class=\"elementor-element elementor-element-5e13c4f e-con-full e-flex e-con e-child\" data-id=\"5e13c4f\" data-element_type=\"container\">\n\t\t\t\t<div class=\"elementor-element elementor-element-015a280 elementor-invisible elementor-widget elementor-widget-heading\" data-id=\"015a280\" data-element_type=\"widget\" data-settings=\"{&quot;_animation&quot;:&quot;fadeIn&quot;}\" data-widget_type=\"heading.default\">\n\t\t\t\t\t<h2 class=\"elementor-heading-title elementor-size-default\"> <span class=\"darkTitle\">Events list<\/span> \u2022 <span class=\"darkTitle\">Live stream<\/span> \u2022 <span class=\"darkTitle\">Video<\/span> \u2022 <span class=\"darkTitle\">Photo<\/span> <\/h2>\t\t\t\t<\/div>\n\t\t\t\t<div class=\"elementor-element elementor-element-a21519f elementor-invisible elementor-widget elementor-widget-text-editor\" data-id=\"a21519f\" data-element_type=\"widget\" data-settings=\"{&quot;_animation&quot;:&quot;fadeIn&quot;,&quot;_animation_delay&quot;:100}\" data-widget_type=\"text-editor.default\">\n\t\t\t\t\t\t\t\t\t<p>The AIBOX mobile application supports registration via email, Google, or Apple accounts. Once logged into a registered account, users can easily register a device by scanning its QR code to begin monitoring. <\/p>\t\t\t\t\t\t\t\t<\/div>\n\t\t\t\t<\/div>\n\t\t<div class=\"elementor-element elementor-element-2e0a6bc e-con-full e-flex e-con e-child\" data-id=\"2e0a6bc\" data-element_type=\"container\">\n\t\t\t\t<div class=\"elementor-element elementor-element-b612fc2 elementor-invisible elementor-widget elementor-widget-image\" data-id=\"b612fc2\" data-element_type=\"widget\" data-settings=\"{&quot;_animation&quot;:&quot;fadeIn&quot;,&quot;_animation_delay&quot;:200}\" data-widget_type=\"image.default\">\n\t\t\t\t\t\t\t\t\t\t\t\t\t\t\t<img decoding=\"async\" width=\"800\" height=\"849\" src=\"https:\/\/aibox.pl\/wp-content\/uploads\/2025\/12\/image-app-2-965x1024.webp\" class=\"attachment-large size-large wp-image-1866\" alt=\"\" srcset=\"https:\/\/aibox.pl\/wp-content\/uploads\/2025\/12\/image-app-2-965x1024.webp 965w, https:\/\/aibox.pl\/wp-content\/uploads\/2025\/12\/image-app-2-283x300.webp 283w, https:\/\/aibox.pl\/wp-content\/uploads\/2025\/12\/image-app-2-768x815.webp 768w, https:\/\/aibox.pl\/wp-content\/uploads\/2025\/12\/image-app-2.webp 1308w\" sizes=\"(max-width: 800px) 100vw, 800px\" \/>\t\t\t\t\t\t\t\t\t\t\t\t\t\t\t<\/div>\n\t\t\t\t<\/div>\n\t\t\t\t\t<\/div>\n\t\t\t\t<\/div>\n\t\t<div class=\"elementor-element elementor-element-bff3cc1 e-flex e-con-boxed e-con e-parent\" data-id=\"bff3cc1\" data-element_type=\"container\">\n\t\t\t\t\t<div class=\"e-con-inner\">\n\t\t<div class=\"elementor-element elementor-element-f6f1da9 e-con-full e-flex e-con e-child\" data-id=\"f6f1da9\" data-element_type=\"container\">\n\t\t\t\t<div class=\"elementor-element elementor-element-aeaf639 elementor-invisible elementor-widget elementor-widget-image\" data-id=\"aeaf639\" data-element_type=\"widget\" data-settings=\"{&quot;_animation&quot;:&quot;fadeIn&quot;,&quot;_animation_delay&quot;:200}\" data-widget_type=\"image.default\">\n\t\t\t\t\t\t\t\t\t\t\t\t\t\t\t<img loading=\"lazy\" decoding=\"async\" width=\"800\" height=\"849\" src=\"https:\/\/aibox.pl\/wp-content\/uploads\/2025\/12\/image-app-3-965x1024.webp\" class=\"attachment-large size-large wp-image-1867\" alt=\"\" srcset=\"https:\/\/aibox.pl\/wp-content\/uploads\/2025\/12\/image-app-3-965x1024.webp 965w, https:\/\/aibox.pl\/wp-content\/uploads\/2025\/12\/image-app-3-283x300.webp 283w, https:\/\/aibox.pl\/wp-content\/uploads\/2025\/12\/image-app-3-768x815.webp 768w, https:\/\/aibox.pl\/wp-content\/uploads\/2025\/12\/image-app-3.webp 1308w\" sizes=\"(max-width: 800px) 100vw, 800px\" \/>\t\t\t\t\t\t\t\t\t\t\t\t\t\t\t<\/div>\n\t\t\t\t<\/div>\n\t\t<div class=\"elementor-element elementor-element-052c382 e-con-full e-flex e-con e-child\" data-id=\"052c382\" data-element_type=\"container\">\n\t\t\t\t<div class=\"elementor-element elementor-element-684d458 elementor-invisible elementor-widget elementor-widget-heading\" data-id=\"684d458\" data-element_type=\"widget\" data-settings=\"{&quot;_animation&quot;:&quot;fadeIn&quot;}\" data-widget_type=\"heading.default\">\n\t\t\t\t\t<h2 class=\"elementor-heading-title elementor-size-default\"><span class=\"darkTitle\">Relay Control<\/span> \u2022 <span class=\"darkTitle\">Sharing<\/span><\/h2>\t\t\t\t<\/div>\n\t\t\t\t<div class=\"elementor-element elementor-element-6012f61 elementor-invisible elementor-widget elementor-widget-text-editor\" data-id=\"6012f61\" data-element_type=\"widget\" data-settings=\"{&quot;_animation&quot;:&quot;fadeIn&quot;,&quot;_animation_delay&quot;:100}\" data-widget_type=\"text-editor.default\">\n\t\t\t\t\t\t\t\t\t<p>Output devices connected via a relay can be activated, and event images can be easily shared via email, SMS, etc.<\/p>\t\t\t\t\t\t\t\t<\/div>\n\t\t\t\t<\/div>\n\t\t\t\t\t<\/div>\n\t\t\t\t<\/div>\n\t\t<div class=\"elementor-element elementor-element-7354aed e-flex e-con-boxed e-con e-parent\" data-id=\"7354aed\" data-element_type=\"container\">\n\t\t\t\t\t<div class=\"e-con-inner\">\n\t\t<div class=\"elementor-element elementor-element-9ca9cf6 e-con-full e-flex e-con e-child\" data-id=\"9ca9cf6\" data-element_type=\"container\">\n\t\t\t\t<div class=\"elementor-element elementor-element-a76ab89 elementor-invisible elementor-widget elementor-widget-heading\" data-id=\"a76ab89\" data-element_type=\"widget\" data-settings=\"{&quot;_animation&quot;:&quot;fadeIn&quot;}\" data-widget_type=\"heading.default\">\n\t\t\t\t\t<h2 class=\"elementor-heading-title elementor-size-default\"><span class=\"darkTitle\">Overview<\/span> \u2022 <span class=\"darkTitle\">Devices<\/span> \u2022 <span class=\"darkTitle\">Events<\/span>  <span class=\"darkTitle\"><\/span><\/h2>\t\t\t\t<\/div>\n\t\t\t\t<div class=\"elementor-element elementor-element-f30e1b9 elementor-invisible elementor-widget elementor-widget-text-editor\" data-id=\"f30e1b9\" data-element_type=\"widget\" data-settings=\"{&quot;_animation&quot;:&quot;fadeIn&quot;,&quot;_animation_delay&quot;:100}\" data-widget_type=\"text-editor.default\">\n\t\t\t\t\t\t\t\t\t<p>Registered devices have access to live video monitoring, relay configuration, and an event list.<\/p>\t\t\t\t\t\t\t\t<\/div>\n\t\t\t\t<\/div>\n\t\t<div class=\"elementor-element elementor-element-055996a e-con-full e-flex e-con e-child\" data-id=\"055996a\" data-element_type=\"container\">\n\t\t\t\t<div class=\"elementor-element elementor-element-bdc5ec9 elementor-invisible elementor-widget elementor-widget-image\" data-id=\"bdc5ec9\" data-element_type=\"widget\" data-settings=\"{&quot;_animation&quot;:&quot;fadeIn&quot;,&quot;_animation_delay&quot;:200}\" data-widget_type=\"image.default\">\n\t\t\t\t\t\t\t\t\t\t\t\t\t\t\t<img loading=\"lazy\" decoding=\"async\" width=\"800\" height=\"849\" src=\"https:\/\/aibox.pl\/wp-content\/uploads\/2025\/12\/image-app-4-965x1024.webp\" class=\"attachment-large size-large wp-image-1868\" alt=\"\" srcset=\"https:\/\/aibox.pl\/wp-content\/uploads\/2025\/12\/image-app-4-965x1024.webp 965w, https:\/\/aibox.pl\/wp-content\/uploads\/2025\/12\/image-app-4-283x300.webp 283w, https:\/\/aibox.pl\/wp-content\/uploads\/2025\/12\/image-app-4-768x815.webp 768w, https:\/\/aibox.pl\/wp-content\/uploads\/2025\/12\/image-app-4.webp 1308w\" sizes=\"(max-width: 800px) 100vw, 800px\" \/>\t\t\t\t\t\t\t\t\t\t\t\t\t\t\t<\/div>\n\t\t\t\t<\/div>\n\t\t\t\t\t<\/div>\n\t\t\t\t<\/div>\n\t\t\t\t<\/div>\n\t\t","protected":false},"excerpt":{"rendered":"<p>Mobile app AI BOX ExperienceAI BOX video content even more conveniently Stay informed with real-time event notifications and never miss an important moment. You can also access saved video recordings at any time. Connect to AI BOX wherever you are! With intelligent features, the system automatically adapts to your needs, providing reliable protection. Discover complete [&hellip;]<\/p>\n","protected":false},"author":6,"featured_media":0,"parent":0,"menu_order":0,"comment_status":"closed","ping_status":"closed","template":"elementor_header_footer","meta":{"footnotes":""},"class_list":["post-1862","page","type-page","status-publish","hentry"],"yoast_head":"<!-- This site is optimized with the Yoast SEO plugin v26.7 - https:\/\/yoast.com\/wordpress\/plugins\/seo\/ -->\n<title>Mobile app - AI BOX PRO<\/title>\n<meta name=\"robots\" content=\"index, follow, max-snippet:-1, max-image-preview:large, max-video-preview:-1\" \/>\n<link rel=\"canonical\" href=\"https:\/\/aibox.pl\/en\/mobile-app\" \/>\n<meta property=\"og:locale\" content=\"en_US\" \/>\n<meta property=\"og:type\" content=\"article\" \/>\n<meta property=\"og:title\" content=\"Mobile app - AI BOX PRO\" \/>\n<meta property=\"og:description\" content=\"Mobile app AI BOX ExperienceAI BOX video content even more conveniently Stay informed with real-time event notifications and never miss an important moment. You can also access saved video recordings at any time. Connect to AI BOX wherever you are! With intelligent features, the system automatically adapts to your needs, providing reliable protection. Discover complete [&hellip;]\" \/>\n<meta property=\"og:url\" content=\"https:\/\/aibox.pl\/en\/mobile-app\" \/>\n<meta property=\"og:site_name\" content=\"AI BOX PRO\" \/>\n<meta property=\"article:modified_time\" content=\"2026-02-10T11:28:42+00:00\" \/>\n<meta property=\"og:image\" content=\"https:\/\/aibox.pl\/wp-content\/uploads\/2026\/01\/image-hero-simple.webp\" \/>\n\t<meta property=\"og:image:width\" content=\"920\" \/>\n\t<meta property=\"og:image:height\" content=\"920\" \/>\n\t<meta property=\"og:image:type\" content=\"image\/webp\" \/>\n<meta name=\"twitter:card\" content=\"summary_large_image\" \/>\n<meta name=\"twitter:label1\" content=\"Est. reading time\" \/>\n\t<meta name=\"twitter:data1\" content=\"1 minute\" \/>\n<script type=\"application\/ld+json\" class=\"yoast-schema-graph\">{\"@context\":\"https:\/\/schema.org\",\"@graph\":[{\"@type\":\"WebPage\",\"@id\":\"https:\/\/aibox.pl\/en\/mobile-app\",\"url\":\"https:\/\/aibox.pl\/en\/mobile-app\",\"name\":\"Mobile app - AI BOX PRO\",\"isPartOf\":{\"@id\":\"https:\/\/aibox.pl\/en#website\"},\"primaryImageOfPage\":{\"@id\":\"https:\/\/aibox.pl\/en\/mobile-app#primaryimage\"},\"image\":{\"@id\":\"https:\/\/aibox.pl\/en\/mobile-app#primaryimage\"},\"thumbnailUrl\":\"https:\/\/aibox.pl\/wp-content\/uploads\/2026\/01\/image-hero-simple.webp\",\"datePublished\":\"2025-12-15T09:32:15+00:00\",\"dateModified\":\"2026-02-10T11:28:42+00:00\",\"breadcrumb\":{\"@id\":\"https:\/\/aibox.pl\/en\/mobile-app#breadcrumb\"},\"inLanguage\":\"en-US\",\"potentialAction\":[{\"@type\":\"ReadAction\",\"target\":[\"https:\/\/aibox.pl\/en\/mobile-app\"]}]},{\"@type\":\"ImageObject\",\"inLanguage\":\"en-US\",\"@id\":\"https:\/\/aibox.pl\/en\/mobile-app#primaryimage\",\"url\":\"https:\/\/aibox.pl\/wp-content\/uploads\/2026\/01\/image-hero-simple.webp\",\"contentUrl\":\"https:\/\/aibox.pl\/wp-content\/uploads\/2026\/01\/image-hero-simple.webp\"},{\"@type\":\"BreadcrumbList\",\"@id\":\"https:\/\/aibox.pl\/en\/mobile-app#breadcrumb\",\"itemListElement\":[{\"@type\":\"ListItem\",\"position\":1,\"name\":\"Strona g\u0142\u00f3wna\",\"item\":\"https:\/\/aibox.pl\/en\"},{\"@type\":\"ListItem\",\"position\":2,\"name\":\"Mobile app\"}]},{\"@type\":\"WebSite\",\"@id\":\"https:\/\/aibox.pl\/en#website\",\"url\":\"https:\/\/aibox.pl\/en\",\"name\":\"AI BOX PRO\",\"description\":\"Nowa jako\u015b\u0107 w systemach zabezpiecze\u0144\",\"publisher\":{\"@id\":\"https:\/\/aibox.pl\/en#organization\"},\"potentialAction\":[{\"@type\":\"SearchAction\",\"target\":{\"@type\":\"EntryPoint\",\"urlTemplate\":\"https:\/\/aibox.pl\/en?s={search_term_string}\"},\"query-input\":{\"@type\":\"PropertyValueSpecification\",\"valueRequired\":true,\"valueName\":\"search_term_string\"}}],\"inLanguage\":\"en-US\"},{\"@type\":\"Organization\",\"@id\":\"https:\/\/aibox.pl\/en#organization\",\"name\":\"AI BOX PRO\",\"url\":\"https:\/\/aibox.pl\/en\",\"logo\":{\"@type\":\"ImageObject\",\"inLanguage\":\"en-US\",\"@id\":\"https:\/\/aibox.pl\/en#\/schema\/logo\/image\/\",\"url\":\"https:\/\/aibox.pl\/wp-content\/uploads\/2025\/11\/logo.svg\",\"contentUrl\":\"https:\/\/aibox.pl\/wp-content\/uploads\/2025\/11\/logo.svg\",\"width\":177,\"height\":30,\"caption\":\"AI BOX PRO\"},\"image\":{\"@id\":\"https:\/\/aibox.pl\/en#\/schema\/logo\/image\/\"}}]}<\/script>\n<!-- \/ Yoast SEO plugin. -->","yoast_head_json":{"title":"Mobile app - AI BOX PRO","robots":{"index":"index","follow":"follow","max-snippet":"max-snippet:-1","max-image-preview":"max-image-preview:large","max-video-preview":"max-video-preview:-1"},"canonical":"https:\/\/aibox.pl\/en\/mobile-app","og_locale":"en_US","og_type":"article","og_title":"Mobile app - AI BOX PRO","og_description":"Mobile app AI BOX ExperienceAI BOX video content even more conveniently Stay informed with real-time event notifications and never miss an important moment. You can also access saved video recordings at any time. Connect to AI BOX wherever you are! With intelligent features, the system automatically adapts to your needs, providing reliable protection. Discover complete [&hellip;]","og_url":"https:\/\/aibox.pl\/en\/mobile-app","og_site_name":"AI BOX PRO","article_modified_time":"2026-02-10T11:28:42+00:00","og_image":[{"width":920,"height":920,"url":"https:\/\/aibox.pl\/wp-content\/uploads\/2026\/01\/image-hero-simple.webp","type":"image\/webp"}],"twitter_card":"summary_large_image","twitter_misc":{"Est. reading time":"1 minute"},"schema":{"@context":"https:\/\/schema.org","@graph":[{"@type":"WebPage","@id":"https:\/\/aibox.pl\/en\/mobile-app","url":"https:\/\/aibox.pl\/en\/mobile-app","name":"Mobile app - AI BOX PRO","isPartOf":{"@id":"https:\/\/aibox.pl\/en#website"},"primaryImageOfPage":{"@id":"https:\/\/aibox.pl\/en\/mobile-app#primaryimage"},"image":{"@id":"https:\/\/aibox.pl\/en\/mobile-app#primaryimage"},"thumbnailUrl":"https:\/\/aibox.pl\/wp-content\/uploads\/2026\/01\/image-hero-simple.webp","datePublished":"2025-12-15T09:32:15+00:00","dateModified":"2026-02-10T11:28:42+00:00","breadcrumb":{"@id":"https:\/\/aibox.pl\/en\/mobile-app#breadcrumb"},"inLanguage":"en-US","potentialAction":[{"@type":"ReadAction","target":["https:\/\/aibox.pl\/en\/mobile-app"]}]},{"@type":"ImageObject","inLanguage":"en-US","@id":"https:\/\/aibox.pl\/en\/mobile-app#primaryimage","url":"https:\/\/aibox.pl\/wp-content\/uploads\/2026\/01\/image-hero-simple.webp","contentUrl":"https:\/\/aibox.pl\/wp-content\/uploads\/2026\/01\/image-hero-simple.webp"},{"@type":"BreadcrumbList","@id":"https:\/\/aibox.pl\/en\/mobile-app#breadcrumb","itemListElement":[{"@type":"ListItem","position":1,"name":"Strona g\u0142\u00f3wna","item":"https:\/\/aibox.pl\/en"},{"@type":"ListItem","position":2,"name":"Mobile app"}]},{"@type":"WebSite","@id":"https:\/\/aibox.pl\/en#website","url":"https:\/\/aibox.pl\/en","name":"AI BOX PRO","description":"Nowa jako\u015b\u0107 w systemach zabezpiecze\u0144","publisher":{"@id":"https:\/\/aibox.pl\/en#organization"},"potentialAction":[{"@type":"SearchAction","target":{"@type":"EntryPoint","urlTemplate":"https:\/\/aibox.pl\/en?s={search_term_string}"},"query-input":{"@type":"PropertyValueSpecification","valueRequired":true,"valueName":"search_term_string"}}],"inLanguage":"en-US"},{"@type":"Organization","@id":"https:\/\/aibox.pl\/en#organization","name":"AI BOX PRO","url":"https:\/\/aibox.pl\/en","logo":{"@type":"ImageObject","inLanguage":"en-US","@id":"https:\/\/aibox.pl\/en#\/schema\/logo\/image\/","url":"https:\/\/aibox.pl\/wp-content\/uploads\/2025\/11\/logo.svg","contentUrl":"https:\/\/aibox.pl\/wp-content\/uploads\/2025\/11\/logo.svg","width":177,"height":30,"caption":"AI BOX PRO"},"image":{"@id":"https:\/\/aibox.pl\/en#\/schema\/logo\/image\/"}}]}},"_links":{"self":[{"href":"https:\/\/aibox.pl\/en\/wp-json\/wp\/v2\/pages\/1862","targetHints":{"allow":["GET"]}}],"collection":[{"href":"https:\/\/aibox.pl\/en\/wp-json\/wp\/v2\/pages"}],"about":[{"href":"https:\/\/aibox.pl\/en\/wp-json\/wp\/v2\/types\/page"}],"author":[{"embeddable":true,"href":"https:\/\/aibox.pl\/en\/wp-json\/wp\/v2\/users\/6"}],"replies":[{"embeddable":true,"href":"https:\/\/aibox.pl\/en\/wp-json\/wp\/v2\/comments?post=1862"}],"version-history":[{"count":9,"href":"https:\/\/aibox.pl\/en\/wp-json\/wp\/v2\/pages\/1862\/revisions"}],"predecessor-version":[{"id":3294,"href":"https:\/\/aibox.pl\/en\/wp-json\/wp\/v2\/pages\/1862\/revisions\/3294"}],"wp:attachment":[{"href":"https:\/\/aibox.pl\/en\/wp-json\/wp\/v2\/media?parent=1862"}],"curies":[{"name":"wp","href":"https:\/\/api.w.org\/{rel}","templated":true}]}}