{"id":1820,"date":"2025-12-04T15:46:31","date_gmt":"2025-12-04T14:46:31","guid":{"rendered":"https:\/\/aibox.pl\/about-cbc-group"},"modified":"2026-02-10T11:27:58","modified_gmt":"2026-02-10T10:27:58","slug":"about-cbc-group","status":"publish","type":"page","link":"https:\/\/aibox.pl\/en\/about-cbc-group","title":{"rendered":"About CBC Group"},"content":{"rendered":"\t\t<div data-elementor-type=\"wp-page\" data-elementor-id=\"1820\" class=\"elementor elementor-1820 elementor-491\" data-elementor-post-type=\"page\">\n\t\t\t\t<div class=\"elementor-element elementor-element-a660e48 e-flex e-con-boxed e-con e-parent\" data-id=\"a660e48\" data-element_type=\"container\" data-settings=\"{&quot;background_background&quot;:&quot;classic&quot;}\">\n\t\t\t\t\t<div class=\"e-con-inner\">\n\t\t\t\t<div class=\"elementor-element elementor-element-7136fc0 elementor-widget__width-inherit elementor-widget-tablet__width-inherit elementor-widget elementor-widget-heading\" data-id=\"7136fc0\" data-element_type=\"widget\" data-widget_type=\"heading.default\">\n\t\t\t\t\t<h1 class=\"elementor-heading-title elementor-size-default\">CBC Group<\/h1>\t\t\t\t<\/div>\n\t\t\t\t<div class=\"elementor-element elementor-element-2c24b14 elementor-widget-tablet__width-initial elementor-widget elementor-widget-image\" data-id=\"2c24b14\" data-element_type=\"widget\" data-widget_type=\"image.default\">\n\t\t\t\t\t\t\t\t\t\t\t\t\t\t\t<img fetchpriority=\"high\" decoding=\"async\" width=\"800\" height=\"800\" src=\"https:\/\/aibox.pl\/wp-content\/uploads\/2025\/12\/variantcbc.webp\" class=\"attachment-large size-large wp-image-1823\" alt=\"\" srcset=\"https:\/\/aibox.pl\/wp-content\/uploads\/2025\/12\/variantcbc.webp 920w, https:\/\/aibox.pl\/wp-content\/uploads\/2025\/12\/variantcbc-300x300.webp 300w, https:\/\/aibox.pl\/wp-content\/uploads\/2025\/12\/variantcbc-150x150.webp 150w, https:\/\/aibox.pl\/wp-content\/uploads\/2025\/12\/variantcbc-768x768.webp 768w\" sizes=\"(max-width: 800px) 100vw, 800px\" \/>\t\t\t\t\t\t\t\t\t\t\t\t\t\t\t<\/div>\n\t\t\t\t\t<\/div>\n\t\t\t\t<\/div>\n\t\t<div class=\"elementor-element elementor-element-e2daf38 e-flex e-con-boxed e-con e-parent\" data-id=\"e2daf38\" data-element_type=\"container\" data-settings=\"{&quot;background_background&quot;:&quot;classic&quot;}\">\n\t\t\t\t\t<div class=\"e-con-inner\">\n\t\t\t\t\t<\/div>\n\t\t\t\t<\/div>\n\t\t<div class=\"elementor-element elementor-element-01192d1 e-flex e-con-boxed e-con e-parent\" data-id=\"01192d1\" data-element_type=\"container\" data-settings=\"{&quot;background_background&quot;:&quot;classic&quot;}\">\n\t\t\t\t\t<div class=\"e-con-inner\">\n\t\t<div class=\"elementor-element elementor-element-34d4832 e-con-full e-flex e-con e-child\" data-id=\"34d4832\" data-element_type=\"container\" data-settings=\"{&quot;background_background&quot;:&quot;classic&quot;}\">\n\t\t\t\t<div class=\"elementor-element elementor-element-927ab15 elementor-widget elementor-widget-heading\" data-id=\"927ab15\" data-element_type=\"widget\" data-widget_type=\"heading.default\">\n\t\t\t\t\t<h2 class=\"elementor-heading-title elementor-size-default\">CBC Group Co. Ltd.<br> <span class=\"darkTitle\">Technology with tradition<\/span><\/h2>\t\t\t\t<\/div>\n\t\t\t\t<\/div>\n\t\t<div class=\"elementor-element elementor-element-a5b84fa e-con-full e-flex e-con e-child\" data-id=\"a5b84fa\" data-element_type=\"container\">\n\t\t\t\t<div class=\"elementor-element elementor-element-2a19ae8 elementor-widget elementor-widget-text-editor\" data-id=\"2a19ae8\" data-element_type=\"widget\" data-widget_type=\"text-editor.default\">\n\t\t\t\t\t\t\t\t\t<p>CBC Group is a Japanese company founded in Tokyo in 1925. It has operated globally for over 100 years, combining <strong>technological innovations<\/strong> with expertise in industries such as: electronics and automotive, IT and robotics, environmental protection, biotechnology (BIOGARD), optics (COMPUTAR), and pharmaceutical production. For almost 50 years, CBC has promoted modern <strong>security solutions<\/strong> under the brand <strong>GANZ SECURITY<\/strong>.<\/p>\t\t\t\t\t\t\t\t<\/div>\n\t\t\t\t<div class=\"elementor-element elementor-element-6963e00 elementor-widget elementor-widget-text-editor\" data-id=\"6963e00\" data-element_type=\"widget\" data-widget_type=\"text-editor.default\">\n\t\t\t\t\t\t\t\t\t<p>The Group employs over <strong>3,000 specialists<\/strong> in over <strong>40 branches worldwide<\/strong>, delivering solutions tailored to local needs.<\/p>\t\t\t\t\t\t\t\t<\/div>\n\t\t\t\t<\/div>\n\t\t\t\t\t<\/div>\n\t\t\t\t<\/div>\n\t\t<div class=\"elementor-element elementor-element-8ab5871 e-flex e-con-boxed e-con e-parent\" data-id=\"8ab5871\" data-element_type=\"container\">\n\t\t\t\t\t<div class=\"e-con-inner\">\n\t\t\t\t<div class=\"elementor-element elementor-element-81e2c40 elementor-widget elementor-widget-image\" data-id=\"81e2c40\" data-element_type=\"widget\" data-widget_type=\"image.default\">\n\t\t\t\t\t\t\t\t\t\t\t\t\t\t\t<img decoding=\"async\" width=\"473\" height=\"40\" src=\"https:\/\/aibox.pl\/wp-content\/uploads\/2025\/12\/stats-top-bg-1.svg\" class=\"attachment-large size-large wp-image-1833\" alt=\"\" \/>\t\t\t\t\t\t\t\t\t\t\t\t\t\t\t<\/div>\n\t\t<div class=\"elementor-element elementor-element-5bf34d4 e-con-full e-flex e-con e-child\" data-id=\"5bf34d4\" data-element_type=\"container\" data-settings=\"{&quot;background_background&quot;:&quot;classic&quot;}\">\n\t\t<div class=\"elementor-element elementor-element-f4d3c72 e-con-full e-flex e-con e-child\" data-id=\"f4d3c72\" data-element_type=\"container\" data-settings=\"{&quot;background_background&quot;:&quot;classic&quot;}\">\n\t\t\t\t<div class=\"elementor-element elementor-element-6a10745 elementor-widget elementor-widget-heading\" data-id=\"6a10745\" data-element_type=\"widget\" data-widget_type=\"heading.default\">\n\t\t\t\t\t<h2 class=\"elementor-heading-title elementor-size-default\">100<\/h2>\t\t\t\t<\/div>\n\t\t\t\t<div class=\"elementor-element elementor-element-05f1814 elementor-widget elementor-widget-heading\" data-id=\"05f1814\" data-element_type=\"widget\" data-widget_type=\"heading.default\">\n\t\t\t\t\t<h4 class=\"elementor-heading-title elementor-size-default\">Years of CBC Group History and Development<\/h4>\t\t\t\t<\/div>\n\t\t\t\t<\/div>\n\t\t<div class=\"elementor-element elementor-element-d4d3dde e-con-full e-flex e-con e-child\" data-id=\"d4d3dde\" data-element_type=\"container\" data-settings=\"{&quot;background_background&quot;:&quot;classic&quot;}\">\n\t\t\t\t<div class=\"elementor-element elementor-element-4049f64 elementor-widget elementor-widget-heading\" data-id=\"4049f64\" data-element_type=\"widget\" data-widget_type=\"heading.default\">\n\t\t\t\t\t<h2 class=\"elementor-heading-title elementor-size-default\">50<\/h2>\t\t\t\t<\/div>\n\t\t\t\t<div class=\"elementor-element elementor-element-75e710f elementor-widget elementor-widget-heading\" data-id=\"75e710f\" data-element_type=\"widget\" data-widget_type=\"heading.default\">\n\t\t\t\t\t<h4 class=\"elementor-heading-title elementor-size-default\">Years of Creating Innovative GANZ Security Solutions<\/h4>\t\t\t\t<\/div>\n\t\t\t\t<\/div>\n\t\t<div class=\"elementor-element elementor-element-e965b98 e-con-full e-flex e-con e-child\" data-id=\"e965b98\" data-element_type=\"container\" data-settings=\"{&quot;background_background&quot;:&quot;classic&quot;}\">\n\t\t\t\t<div class=\"elementor-element elementor-element-2448bef elementor-widget elementor-widget-heading\" data-id=\"2448bef\" data-element_type=\"widget\" data-widget_type=\"heading.default\">\n\t\t\t\t\t<h2 class=\"elementor-heading-title elementor-size-default\">3000<\/h2>\t\t\t\t<\/div>\n\t\t\t\t<div class=\"elementor-element elementor-element-7f3540b elementor-widget elementor-widget-heading\" data-id=\"7f3540b\" data-element_type=\"widget\" data-widget_type=\"heading.default\">\n\t\t\t\t\t<h4 class=\"elementor-heading-title elementor-size-default\">Specialists Serving Global Clients<\/h4>\t\t\t\t<\/div>\n\t\t\t\t<\/div>\n\t\t<div class=\"elementor-element elementor-element-f600a3f e-con-full e-flex e-con e-child\" data-id=\"f600a3f\" data-element_type=\"container\" data-settings=\"{&quot;background_background&quot;:&quot;classic&quot;}\">\n\t\t\t\t<div class=\"elementor-element elementor-element-9dc8b80 elementor-widget elementor-widget-heading\" data-id=\"9dc8b80\" data-element_type=\"widget\" data-widget_type=\"heading.default\">\n\t\t\t\t\t<h2 class=\"elementor-heading-title elementor-size-default\">40<\/h2>\t\t\t\t<\/div>\n\t\t\t\t<div class=\"elementor-element elementor-element-a8b5163 elementor-widget elementor-widget-heading\" data-id=\"a8b5163\" data-element_type=\"widget\" data-widget_type=\"heading.default\">\n\t\t\t\t\t<h4 class=\"elementor-heading-title elementor-size-default\">Branches Worldwide, Close to Local Markets<\/h4>\t\t\t\t<\/div>\n\t\t\t\t<\/div>\n\t\t\t\t<\/div>\n\t\t\t\t<div class=\"elementor-element elementor-element-95cbb4f elementor-widget elementor-widget-image\" data-id=\"95cbb4f\" data-element_type=\"widget\" data-widget_type=\"image.default\">\n\t\t\t\t\t\t\t\t\t\t\t\t\t\t\t<img decoding=\"async\" width=\"473\" height=\"40\" src=\"https:\/\/aibox.pl\/wp-content\/uploads\/2025\/12\/stats-bot-bg-1.svg\" class=\"attachment-large size-large wp-image-1832\" alt=\"\" \/>\t\t\t\t\t\t\t\t\t\t\t\t\t\t\t<\/div>\n\t\t\t\t\t<\/div>\n\t\t\t\t<\/div>\n\t\t\t\t<\/div>\n\t\t","protected":false},"excerpt":{"rendered":"<p>CBC Group CBC Group Co. Ltd. Technology with tradition CBC Group is a Japanese company founded in Tokyo in 1925. It has operated globally for over 100 years, combining technological innovations with expertise in industries such as: electronics and automotive, IT and robotics, environmental protection, biotechnology (BIOGARD), optics (COMPUTAR), and pharmaceutical production. For almost 50 [&hellip;]<\/p>\n","protected":false},"author":1,"featured_media":0,"parent":0,"menu_order":0,"comment_status":"closed","ping_status":"closed","template":"elementor_header_footer","meta":{"footnotes":""},"class_list":["post-1820","page","type-page","status-publish","hentry"],"yoast_head":"<!-- This site is optimized with the Yoast SEO plugin v26.7 - https:\/\/yoast.com\/wordpress\/plugins\/seo\/ -->\n<title>About CBC Group - AI BOX PRO<\/title>\n<meta name=\"robots\" content=\"index, follow, max-snippet:-1, max-image-preview:large, max-video-preview:-1\" \/>\n<link rel=\"canonical\" href=\"https:\/\/aibox.pl\/en\/about-cbc-group\" \/>\n<meta property=\"og:locale\" content=\"en_US\" \/>\n<meta property=\"og:type\" content=\"article\" \/>\n<meta property=\"og:title\" content=\"About CBC Group - AI BOX PRO\" \/>\n<meta property=\"og:description\" content=\"CBC Group CBC Group Co. Ltd. Technology with tradition CBC Group is a Japanese company founded in Tokyo in 1925. It has operated globally for over 100 years, combining technological innovations with expertise in industries such as: electronics and automotive, IT and robotics, environmental protection, biotechnology (BIOGARD), optics (COMPUTAR), and pharmaceutical production. For almost 50 [&hellip;]\" \/>\n<meta property=\"og:url\" content=\"https:\/\/aibox.pl\/en\/about-cbc-group\" \/>\n<meta property=\"og:site_name\" content=\"AI BOX PRO\" \/>\n<meta property=\"article:modified_time\" content=\"2026-02-10T10:27:58+00:00\" \/>\n<meta property=\"og:image\" content=\"https:\/\/aibox.pl\/wp-content\/uploads\/2025\/12\/variantcbc.webp\" \/>\n\t<meta property=\"og:image:width\" content=\"920\" \/>\n\t<meta property=\"og:image:height\" content=\"920\" \/>\n\t<meta property=\"og:image:type\" content=\"image\/webp\" \/>\n<meta name=\"twitter:card\" content=\"summary_large_image\" \/>\n<meta name=\"twitter:label1\" content=\"Est. reading time\" \/>\n\t<meta name=\"twitter:data1\" content=\"1 minute\" \/>\n<script type=\"application\/ld+json\" class=\"yoast-schema-graph\">{\"@context\":\"https:\/\/schema.org\",\"@graph\":[{\"@type\":\"WebPage\",\"@id\":\"https:\/\/aibox.pl\/en\/about-cbc-group\",\"url\":\"https:\/\/aibox.pl\/en\/about-cbc-group\",\"name\":\"About CBC Group - AI BOX PRO\",\"isPartOf\":{\"@id\":\"https:\/\/aibox.pl\/en#website\"},\"primaryImageOfPage\":{\"@id\":\"https:\/\/aibox.pl\/en\/about-cbc-group#primaryimage\"},\"image\":{\"@id\":\"https:\/\/aibox.pl\/en\/about-cbc-group#primaryimage\"},\"thumbnailUrl\":\"https:\/\/aibox.pl\/wp-content\/uploads\/2025\/12\/variantcbc.webp\",\"datePublished\":\"2025-12-04T14:46:31+00:00\",\"dateModified\":\"2026-02-10T10:27:58+00:00\",\"breadcrumb\":{\"@id\":\"https:\/\/aibox.pl\/en\/about-cbc-group#breadcrumb\"},\"inLanguage\":\"en-US\",\"potentialAction\":[{\"@type\":\"ReadAction\",\"target\":[\"https:\/\/aibox.pl\/en\/about-cbc-group\"]}]},{\"@type\":\"ImageObject\",\"inLanguage\":\"en-US\",\"@id\":\"https:\/\/aibox.pl\/en\/about-cbc-group#primaryimage\",\"url\":\"https:\/\/aibox.pl\/wp-content\/uploads\/2025\/12\/variantcbc.webp\",\"contentUrl\":\"https:\/\/aibox.pl\/wp-content\/uploads\/2025\/12\/variantcbc.webp\"},{\"@type\":\"BreadcrumbList\",\"@id\":\"https:\/\/aibox.pl\/en\/about-cbc-group#breadcrumb\",\"itemListElement\":[{\"@type\":\"ListItem\",\"position\":1,\"name\":\"Strona g\u0142\u00f3wna\",\"item\":\"https:\/\/aibox.pl\/en\"},{\"@type\":\"ListItem\",\"position\":2,\"name\":\"About CBC Group\"}]},{\"@type\":\"WebSite\",\"@id\":\"https:\/\/aibox.pl\/en#website\",\"url\":\"https:\/\/aibox.pl\/en\",\"name\":\"AI BOX PRO\",\"description\":\"Nowa jako\u015b\u0107 w systemach zabezpiecze\u0144\",\"publisher\":{\"@id\":\"https:\/\/aibox.pl\/en#organization\"},\"potentialAction\":[{\"@type\":\"SearchAction\",\"target\":{\"@type\":\"EntryPoint\",\"urlTemplate\":\"https:\/\/aibox.pl\/en?s={search_term_string}\"},\"query-input\":{\"@type\":\"PropertyValueSpecification\",\"valueRequired\":true,\"valueName\":\"search_term_string\"}}],\"inLanguage\":\"en-US\"},{\"@type\":\"Organization\",\"@id\":\"https:\/\/aibox.pl\/en#organization\",\"name\":\"AI BOX PRO\",\"url\":\"https:\/\/aibox.pl\/en\",\"logo\":{\"@type\":\"ImageObject\",\"inLanguage\":\"en-US\",\"@id\":\"https:\/\/aibox.pl\/en#\/schema\/logo\/image\/\",\"url\":\"https:\/\/aibox.pl\/wp-content\/uploads\/2025\/11\/logo.svg\",\"contentUrl\":\"https:\/\/aibox.pl\/wp-content\/uploads\/2025\/11\/logo.svg\",\"width\":177,\"height\":30,\"caption\":\"AI BOX PRO\"},\"image\":{\"@id\":\"https:\/\/aibox.pl\/en#\/schema\/logo\/image\/\"}}]}<\/script>\n<!-- \/ Yoast SEO plugin. -->","yoast_head_json":{"title":"About CBC Group - AI BOX PRO","robots":{"index":"index","follow":"follow","max-snippet":"max-snippet:-1","max-image-preview":"max-image-preview:large","max-video-preview":"max-video-preview:-1"},"canonical":"https:\/\/aibox.pl\/en\/about-cbc-group","og_locale":"en_US","og_type":"article","og_title":"About CBC Group - AI BOX PRO","og_description":"CBC Group CBC Group Co. Ltd. Technology with tradition CBC Group is a Japanese company founded in Tokyo in 1925. It has operated globally for over 100 years, combining technological innovations with expertise in industries such as: electronics and automotive, IT and robotics, environmental protection, biotechnology (BIOGARD), optics (COMPUTAR), and pharmaceutical production. For almost 50 [&hellip;]","og_url":"https:\/\/aibox.pl\/en\/about-cbc-group","og_site_name":"AI BOX PRO","article_modified_time":"2026-02-10T10:27:58+00:00","og_image":[{"width":920,"height":920,"url":"https:\/\/aibox.pl\/wp-content\/uploads\/2025\/12\/variantcbc.webp","type":"image\/webp"}],"twitter_card":"summary_large_image","twitter_misc":{"Est. reading time":"1 minute"},"schema":{"@context":"https:\/\/schema.org","@graph":[{"@type":"WebPage","@id":"https:\/\/aibox.pl\/en\/about-cbc-group","url":"https:\/\/aibox.pl\/en\/about-cbc-group","name":"About CBC Group - AI BOX PRO","isPartOf":{"@id":"https:\/\/aibox.pl\/en#website"},"primaryImageOfPage":{"@id":"https:\/\/aibox.pl\/en\/about-cbc-group#primaryimage"},"image":{"@id":"https:\/\/aibox.pl\/en\/about-cbc-group#primaryimage"},"thumbnailUrl":"https:\/\/aibox.pl\/wp-content\/uploads\/2025\/12\/variantcbc.webp","datePublished":"2025-12-04T14:46:31+00:00","dateModified":"2026-02-10T10:27:58+00:00","breadcrumb":{"@id":"https:\/\/aibox.pl\/en\/about-cbc-group#breadcrumb"},"inLanguage":"en-US","potentialAction":[{"@type":"ReadAction","target":["https:\/\/aibox.pl\/en\/about-cbc-group"]}]},{"@type":"ImageObject","inLanguage":"en-US","@id":"https:\/\/aibox.pl\/en\/about-cbc-group#primaryimage","url":"https:\/\/aibox.pl\/wp-content\/uploads\/2025\/12\/variantcbc.webp","contentUrl":"https:\/\/aibox.pl\/wp-content\/uploads\/2025\/12\/variantcbc.webp"},{"@type":"BreadcrumbList","@id":"https:\/\/aibox.pl\/en\/about-cbc-group#breadcrumb","itemListElement":[{"@type":"ListItem","position":1,"name":"Strona g\u0142\u00f3wna","item":"https:\/\/aibox.pl\/en"},{"@type":"ListItem","position":2,"name":"About CBC Group"}]},{"@type":"WebSite","@id":"https:\/\/aibox.pl\/en#website","url":"https:\/\/aibox.pl\/en","name":"AI BOX PRO","description":"Nowa jako\u015b\u0107 w systemach zabezpiecze\u0144","publisher":{"@id":"https:\/\/aibox.pl\/en#organization"},"potentialAction":[{"@type":"SearchAction","target":{"@type":"EntryPoint","urlTemplate":"https:\/\/aibox.pl\/en?s={search_term_string}"},"query-input":{"@type":"PropertyValueSpecification","valueRequired":true,"valueName":"search_term_string"}}],"inLanguage":"en-US"},{"@type":"Organization","@id":"https:\/\/aibox.pl\/en#organization","name":"AI BOX PRO","url":"https:\/\/aibox.pl\/en","logo":{"@type":"ImageObject","inLanguage":"en-US","@id":"https:\/\/aibox.pl\/en#\/schema\/logo\/image\/","url":"https:\/\/aibox.pl\/wp-content\/uploads\/2025\/11\/logo.svg","contentUrl":"https:\/\/aibox.pl\/wp-content\/uploads\/2025\/11\/logo.svg","width":177,"height":30,"caption":"AI BOX PRO"},"image":{"@id":"https:\/\/aibox.pl\/en#\/schema\/logo\/image\/"}}]}},"_links":{"self":[{"href":"https:\/\/aibox.pl\/en\/wp-json\/wp\/v2\/pages\/1820","targetHints":{"allow":["GET"]}}],"collection":[{"href":"https:\/\/aibox.pl\/en\/wp-json\/wp\/v2\/pages"}],"about":[{"href":"https:\/\/aibox.pl\/en\/wp-json\/wp\/v2\/types\/page"}],"author":[{"embeddable":true,"href":"https:\/\/aibox.pl\/en\/wp-json\/wp\/v2\/users\/1"}],"replies":[{"embeddable":true,"href":"https:\/\/aibox.pl\/en\/wp-json\/wp\/v2\/comments?post=1820"}],"version-history":[{"count":14,"href":"https:\/\/aibox.pl\/en\/wp-json\/wp\/v2\/pages\/1820\/revisions"}],"predecessor-version":[{"id":3278,"href":"https:\/\/aibox.pl\/en\/wp-json\/wp\/v2\/pages\/1820\/revisions\/3278"}],"wp:attachment":[{"href":"https:\/\/aibox.pl\/en\/wp-json\/wp\/v2\/media?parent=1820"}],"curies":[{"name":"wp","href":"https:\/\/api.w.org\/{rel}","templated":true}]}}